{"id":157,"date":"2025-12-02T23:44:52","date_gmt":"2025-12-02T23:44:52","guid":{"rendered":"https:\/\/asociacionaseprose.com\/?page_id=157"},"modified":"2025-12-16T14:55:00","modified_gmt":"2025-12-16T14:55:00","slug":"actividades","status":"publish","type":"page","link":"https:\/\/asociacionaseprose.com\/index.php\/actividades\/","title":{"rendered":"Actividades"},"content":{"rendered":"<p>[et_pb_section fb_built=\u00bb1&#8243; make_equal=\u00bbon\u00bb specialty=\u00bbon\u00bb background_color_2=\u00bb#1b1464&#8243; padding_top_1=\u00bb8vw\u00bb padding_top_2=\u00bb25vw\u00bb padding_right_2=\u00bb50px\u00bb padding_bottom_2=\u00bb80px\u00bb padding_left_2=\u00bb50px\u00bb padding_left_right_link_2=\u00bbtrue\u00bb padding_2_tablet=\u00bb50px||50px||true\u00bb padding_2_phone=\u00bb50px|50px|50px|50px|true|true\u00bb padding_1_last_edited=\u00bboff|desktop\u00bb padding_2_last_edited=\u00bbon|tablet\u00bb admin_label=\u00bbHeader\u00bb _builder_version=\u00bb4.27.4&#8243; background_image=\u00bbhttps:\/\/asociacionaseprose.com\/wp-content\/uploads\/2025\/12\/investing-38-1-scaled.jpg\u00bb background_size=\u00bbinitial\u00bb background_position=\u00bbtop_center\u00bb custom_padding=\u00bb0||||false|false\u00bb global_colors_info=\u00bb{}\u00bb][et_pb_column type=\u00bb1_2&#8243; specialty_columns=\u00bb2&#8243; _builder_version=\u00bb4.16&#8243; custom_padding=\u00bb|||\u00bb global_colors_info=\u00bb{}\u00bb padding_top__hover=\u00bb8vw\u00bb parallax__hover=\u00bboff\u00bb parallax_method__hover=\u00bbon\u00bb padding_last_edited__hover=\u00bboff|desktop\u00bb padding_last_edited=\u00bboff|desktop\u00bb custom_padding__hover=\u00bb|||\u00bb][et_pb_row_inner _builder_version=\u00bb4.16&#8243; custom_margin=\u00bb|-54px||||\u00bb global_colors_info=\u00bb{}\u00bb][et_pb_column_inner saved_specialty_column_type=\u00bb1_2&#8243; _builder_version=\u00bb4.16&#8243; custom_padding=\u00bb|||\u00bb global_colors_info=\u00bb{}\u00bb parallax__hover=\u00bboff\u00bb parallax_method__hover=\u00bbon\u00bb custom_padding__hover=\u00bb|||\u00bb][et_pb_text _builder_version=\u00bb4.27.4&#8243; text_font=\u00bb|600|||||||\u00bb text_font_size=\u00bb16px\u00bb text_line_height=\u00bb1.9em\u00bb header_font=\u00bbArial||||||||\u00bb header_text_color=\u00bb#FFFFFF\u00bb header_font_size=\u00bb58px\u00bb header_line_height=\u00bb1.1em\u00bb background_color=\u00bb#1b1464&#8243; background_color_gradient_direction=\u00bb150deg\u00bb custom_padding=\u00bb70px|70px|70px|70px|true|true\u00bb custom_padding_tablet=\u00bb40px|40px|40px|40px|true|true\u00bb custom_padding_phone=\u00bb20px|20px|20px|20px|true|true\u00bb custom_padding_last_edited=\u00bbon|phone\u00bb animation_style=\u00bbflip\u00bb text_font_size_tablet=\u00bb\u00bb text_font_size_phone=\u00bb14px\u00bb text_font_size_last_edited=\u00bbon|phone\u00bb header_font_size_tablet=\u00bb50px\u00bb header_font_size_phone=\u00bb30px\u00bb header_font_size_last_edited=\u00bbon|phone\u00bb box_shadow_style=\u00bbpreset1&#8243; box_shadow_vertical=\u00bb40px\u00bb box_shadow_blur=\u00bb200px\u00bb box_shadow_spread=\u00bb-10px\u00bb box_shadow_color=\u00bbrgba(0,0,0,0.08)\u00bb global_colors_info=\u00bb{}\u00bb box_shadow_style__hover=\u00bbnone\u00bb box_shadow_style__hover_enabled=\u00bbnone\u00bb box_shadow_color__hover=\u00bbrgba(0,0,0,0.3)\u00bb box_shadow_color__hover_enabled=\u00bbrgba(0,0,0,0.3)\u00bb]<\/p>\n<h1>Nuestras <strong>Actividades<\/strong><\/h1>\n<p>[\/et_pb_text][\/et_pb_column_inner][\/et_pb_row_inner][et_pb_row_inner column_structure=\u00bb1_2,1_2&#8243; _builder_version=\u00bb4.16&#8243; global_colors_info=\u00bb{}\u00bb][et_pb_column_inner type=\u00bb1_2&#8243; saved_specialty_column_type=\u00bb1_2&#8243; _builder_version=\u00bb4.16&#8243; custom_padding=\u00bb|||\u00bb global_colors_info=\u00bb{}\u00bb parallax__hover=\u00bboff\u00bb parallax_method__hover=\u00bbon\u00bb custom_padding__hover=\u00bb|||\u00bb][et_pb_number_counter title=\u00bbEventos Realizados\u00bb number=\u00bb10&#8243; percent_sign=\u00bboff\u00bb _builder_version=\u00bb4.27.4&#8243; title_font=\u00bbArial|700||on|||||\u00bb title_text_color=\u00bb#1b1464&#8243; title_font_size=\u00bb16px\u00bb title_letter_spacing=\u00bb2px\u00bb title_line_height=\u00bb1.4em\u00bb number_font=\u00bbArial|700|||||||\u00bb number_text_color=\u00bb#bbd406&#8243; number_font_size=\u00bb40px\u00bb text_orientation=\u00bbleft\u00bb custom_margin=\u00bb||0px\u00bb title_font_size_tablet=\u00bb\u00bb title_font_size_phone=\u00bb14px\u00bb title_font_size_last_edited=\u00bbon|phone\u00bb global_colors_info=\u00bb{}\u00bb][\/et_pb_number_counter][\/et_pb_column_inner][et_pb_column_inner type=\u00bb1_2&#8243; saved_specialty_column_type=\u00bb1_2&#8243; _builder_version=\u00bb4.16&#8243; custom_padding=\u00bb|||\u00bb global_colors_info=\u00bb{}\u00bb parallax__hover=\u00bboff\u00bb parallax_method__hover=\u00bbon\u00bb custom_padding__hover=\u00bb|||\u00bb][et_pb_number_counter title=\u00bbCAPACITACIONES IMPARTIDAS\u00bb number=\u00bb10&#8243; percent_sign=\u00bboff\u00bb _builder_version=\u00bb4.27.4&#8243; title_font=\u00bbArial|700||on|||||\u00bb title_text_color=\u00bb#1b1464&#8243; title_font_size=\u00bb16px\u00bb title_letter_spacing=\u00bb2px\u00bb title_line_height=\u00bb1.4em\u00bb number_font=\u00bbArial|700|||||||\u00bb number_text_color=\u00bb#bbd406&#8243; number_font_size=\u00bb40px\u00bb text_orientation=\u00bbleft\u00bb custom_margin=\u00bb||0px\u00bb title_font_size_tablet=\u00bb\u00bb title_font_size_phone=\u00bb14px\u00bb title_font_size_last_edited=\u00bbon|phone\u00bb global_colors_info=\u00bb{}\u00bb][\/et_pb_number_counter][\/et_pb_column_inner][\/et_pb_row_inner][et_pb_row_inner column_structure=\u00bb1_2,1_2&#8243; _builder_version=\u00bb4.16&#8243; global_colors_info=\u00bb{}\u00bb][et_pb_column_inner type=\u00bb1_2&#8243; saved_specialty_column_type=\u00bb1_2&#8243; _builder_version=\u00bb4.16&#8243; custom_padding=\u00bb|||\u00bb global_colors_info=\u00bb{}\u00bb parallax__hover=\u00bboff\u00bb parallax_method__hover=\u00bbon\u00bb custom_padding__hover=\u00bb|||\u00bb][et_pb_number_counter title=\u00bbSocios activos\u00bb number=\u00bb30&#8243; percent_sign=\u00bboff\u00bb _builder_version=\u00bb4.27.4&#8243; title_font=\u00bbArial|700||on|||||\u00bb title_text_color=\u00bb#1b1464&#8243; title_font_size=\u00bb16px\u00bb title_letter_spacing=\u00bb2px\u00bb title_line_height=\u00bb1.6em\u00bb number_font=\u00bbArial|700|||||||\u00bb number_text_color=\u00bb#bbd406&#8243; number_font_size=\u00bb40px\u00bb text_orientation=\u00bbleft\u00bb custom_margin=\u00bb||0px\u00bb title_font_size_tablet=\u00bb\u00bb title_font_size_phone=\u00bb14px\u00bb title_font_size_last_edited=\u00bbon|phone\u00bb locked=\u00bboff\u00bb global_colors_info=\u00bb{}\u00bb][\/et_pb_number_counter][\/et_pb_column_inner][et_pb_column_inner type=\u00bb1_2&#8243; saved_specialty_column_type=\u00bb1_2&#8243; _builder_version=\u00bb4.16&#8243; custom_padding=\u00bb|||\u00bb global_colors_info=\u00bb{}\u00bb parallax__hover=\u00bboff\u00bb parallax_method__hover=\u00bbon\u00bb custom_padding__hover=\u00bb|||\u00bb][et_pb_number_counter title=\u00bbA\u00f1os de trayectoria\u00bb number=\u00bb10&#8243; percent_sign=\u00bboff\u00bb _builder_version=\u00bb4.27.4&#8243; title_font=\u00bbArial|700||on|||||\u00bb title_text_color=\u00bb#1b1464&#8243; title_font_size=\u00bb16px\u00bb title_letter_spacing=\u00bb2px\u00bb title_line_height=\u00bb1.4em\u00bb number_font=\u00bbArial|700|||||||\u00bb number_text_color=\u00bb#bbd406&#8243; number_font_size=\u00bb40px\u00bb text_orientation=\u00bbleft\u00bb custom_margin=\u00bb||0px\u00bb title_font_size_tablet=\u00bb\u00bb title_font_size_phone=\u00bb14px\u00bb title_font_size_last_edited=\u00bbon|phone\u00bb global_colors_info=\u00bb{}\u00bb][\/et_pb_number_counter][\/et_pb_column_inner][\/et_pb_row_inner][\/et_pb_column][et_pb_column type=\u00bb1_2&#8243; _builder_version=\u00bb4.16&#8243; background_color=\u00bb#1d48c0&#8243; custom_padding=\u00bb|||\u00bb global_colors_info=\u00bb{}\u00bb padding_bottom__hover=\u00bb80px\u00bb padding_left__hover=\u00bb50px\u00bb padding_right__hover=\u00bb50px\u00bb padding_top__hover=\u00bb25vw\u00bb background_color__hover=\u00bb#1d48c0&#8243; parallax__hover=\u00bboff\u00bb parallax_method__hover=\u00bbon\u00bb padding_phone__hover=\u00bb50px|50px|50px|50px|true|true\u00bb padding_tablet__hover=\u00bb50px||50px||true\u00bb padding_last_edited__hover=\u00bbon|tablet\u00bb padding_phone=\u00bb50px|50px|50px|50px|true|true\u00bb padding_tablet=\u00bb50px||50px||true\u00bb padding_last_edited=\u00bbon|tablet\u00bb custom_padding__hover=\u00bb|||\u00bb][et_pb_text _builder_version=\u00bb4.27.4&#8243; text_font=\u00bbArial||||||||\u00bb text_font_size=\u00bb16px\u00bb transform_scale_tablet=\u00bb\u00bb transform_scale_phone=\u00bb\u00bb transform_scale_last_edited=\u00bbon|phone\u00bb transform_translate=\u00bb0px|-113px\u00bb transform_translate_tablet=\u00bb0px|-113px\u00bb transform_translate_phone=\u00bb0px|-4px\u00bb transform_translate_last_edited=\u00bbon|phone\u00bb transform_translate_linked=\u00bboff\u00bb transform_rotate_tablet=\u00bb\u00bb transform_rotate_phone=\u00bb\u00bb transform_rotate_last_edited=\u00bbon|phone\u00bb transform_skew_tablet=\u00bb\u00bb transform_skew_phone=\u00bb\u00bb transform_skew_last_edited=\u00bbon|phone\u00bb transform_origin_tablet=\u00bb\u00bb transform_origin_phone=\u00bb\u00bb transform_origin_last_edited=\u00bbon|phone\u00bb transform_styles_last_edited=\u00bbon|phone\u00bb background_layout=\u00bbdark\u00bb animation_style=\u00bbslide\u00bb animation_direction=\u00bbright\u00bb text_font_size_tablet=\u00bb\u00bb text_font_size_phone=\u00bb14px\u00bb text_font_size_last_edited=\u00bbon|phone\u00bb transform_styles_tablet=\u00bb\u00bb transform_styles_phone=\u00bb\u00bb global_colors_info=\u00bb{}\u00bb]<\/p>\n<p><strong>Explora<\/strong> una selecci\u00f3n de momentos que reflejan el trabajo, la formaci\u00f3n y la uni\u00f3n del gremio asegurador. Capacitaciones, reuniones, talleres y encuentros institucionales que fortalecen nuestra comunidad profesional.<\/p>\n<p>[\/et_pb_text][\/et_pb_column][\/et_pb_section][et_pb_section fb_built=\u00bb1&#8243; _builder_version=\u00bb4.27.4&#8243; _module_preset=\u00bbdefault\u00bb global_colors_info=\u00bb{}\u00bb][et_pb_row column_structure=\u00bb1_3,1_3,1_3&#8243; _builder_version=\u00bb4.27.4&#8243; _module_preset=\u00bbdefault\u00bb animation_style=\u00bbslide\u00bb animation_direction=\u00bbbottom\u00bb global_colors_info=\u00bb{}\u00bb][et_pb_column type=\u00bb1_3&#8243; _builder_version=\u00bb4.27.4&#8243; _module_preset=\u00bbdefault\u00bb global_colors_info=\u00bb{}\u00bb][et_pb_text _builder_version=\u00bb4.27.4&#8243; _module_preset=\u00bbdefault\u00bb text_font=\u00bbArial||||||||\u00bb text_text_color=\u00bb#1b1464&#8243; text_font_size=\u00bb18px\u00bb global_colors_info=\u00bb{}\u00bb]<\/p>\n<p><strong>Agasajo Navide\u00f1o ASEPROSE 2025<\/strong><\/p>\n<p>Un encuentro especial para celebrar en uni\u00f3n, agradecer el trabajo realizado y compartir un momento de camarader\u00eda entre los socios de ASEPROSE.<\/p>\n<p>[\/et_pb_text][et_pb_gallery gallery_ids=\u00bb294,295,296&#8243; posts_number=\u00bb1&#8243; show_title_and_caption=\u00bboff\u00bb _builder_version=\u00bb4.27.4&#8243; _module_preset=\u00bbdefault\u00bb hover_enabled=\u00bb0&#8243; global_colors_info=\u00bb{}\u00bb sticky_enabled=\u00bb0&#8243;][\/et_pb_gallery][\/et_pb_column][et_pb_column type=\u00bb1_3&#8243; _builder_version=\u00bb4.27.4&#8243; _module_preset=\u00bbdefault\u00bb global_colors_info=\u00bb{}\u00bb][et_pb_text _builder_version=\u00bb4.27.4&#8243; _module_preset=\u00bbdefault\u00bb text_font=\u00bbArial||||||||\u00bb text_text_color=\u00bb#1b1464&#8243; text_font_size=\u00bb18px\u00bb global_colors_info=\u00bb{}\u00bb]<\/p>\n<p><strong>Agasajo Navide\u00f1o ASEPROSE 2025<\/strong><\/p>\n<p>Un encuentro especial para celebrar en uni\u00f3n, agradecer el trabajo realizado y compartir un momento de camarader\u00eda entre los socios de ASEPROSE.<\/p>\n<p>[\/et_pb_text][et_pb_gallery gallery_ids=\u00bb294,295,296&#8243; posts_number=\u00bb1&#8243; show_title_and_caption=\u00bboff\u00bb _builder_version=\u00bb4.27.4&#8243; _module_preset=\u00bbdefault\u00bb hover_enabled=\u00bb0&#8243; global_colors_info=\u00bb{}\u00bb sticky_enabled=\u00bb0&#8243;][\/et_pb_gallery][\/et_pb_column][et_pb_column type=\u00bb1_3&#8243; _builder_version=\u00bb4.27.4&#8243; _module_preset=\u00bbdefault\u00bb global_colors_info=\u00bb{}\u00bb][et_pb_text _builder_version=\u00bb4.27.4&#8243; _module_preset=\u00bbdefault\u00bb text_font=\u00bbArial||||||||\u00bb text_text_color=\u00bb#1b1464&#8243; text_font_size=\u00bb18px\u00bb global_colors_info=\u00bb{}\u00bb]<\/p>\n<p><strong>Agasajo Navide\u00f1o ASEPROSE 2025<\/strong><\/p>\n<p>Un encuentro especial para celebrar en uni\u00f3n, agradecer el trabajo realizado y compartir un momento de camarader\u00eda entre los socios de ASEPROSE.<\/p>\n<p>[\/et_pb_text][et_pb_gallery gallery_ids=\u00bb294,295,296&#8243; posts_number=\u00bb1&#8243; show_title_and_caption=\u00bboff\u00bb _builder_version=\u00bb4.27.4&#8243; _module_preset=\u00bbdefault\u00bb hover_enabled=\u00bb0&#8243; global_colors_info=\u00bb{}\u00bb sticky_enabled=\u00bb0&#8243;][\/et_pb_gallery][\/et_pb_column][\/et_pb_row][\/et_pb_section][et_pb_section fb_built=\u00bb1&#8243; admin_label=\u00bbFooter\u00bb _builder_version=\u00bb4.16&#8243; background_size=\u00bbinitial\u00bb background_position=\u00bbtop_center\u00bb custom_padding=\u00bb0px||1vw||false|false\u00bb saved_tabs=\u00bball\u00bb locked=\u00bboff\u00bb global_colors_info=\u00bb{}\u00bb][et_pb_row padding_top_bottom_link_1=\u00bbfalse\u00bb padding_top_bottom_link_2=\u00bbfalse\u00bb padding_left_right_link_1=\u00bbtrue\u00bb _builder_version=\u00bb4.27.4&#8243; background_color=\u00bb#1b1464&#8243; background_enable_image=\u00bboff\u00bb background_size=\u00bbinitial\u00bb background_position=\u00bbtop_left\u00bb custom_padding=\u00bb40px|0px|27px|40px|false|false\u00bb animation_style=\u00bbslide\u00bb animation_direction=\u00bbbottom\u00bb global_colors_info=\u00bb{}\u00bb][et_pb_column type=\u00bb4_4&#8243; _builder_version=\u00bb4.27.4&#8243; background_color=\u00bb#1b1464&#8243; custom_padding=\u00bb60px|40px|160px|40px\u00bb global_colors_info=\u00bb{}\u00bb custom_padding__hover=\u00bb|||\u00bb][et_pb_image src=\u00bbhttps:\/\/asociacionaseprose.com\/wp-content\/uploads\/2025\/12\/isotipo-blanco-asesprose.png\u00bb title_text=\u00bbisotipo-blanco-asesprose\u00bb _builder_version=\u00bb4.27.4&#8243; transform_translate=\u00bb-20px|0px\u00bb transform_translate_linked=\u00bboff\u00bb max_width=\u00bb80px\u00bb always_center_on_mobile=\u00bboff\u00bb global_colors_info=\u00bb{}\u00bb][\/et_pb_image][et_pb_text _builder_version=\u00bb4.27.4&#8243; text_font=\u00bbArial||||||||\u00bb text_font_size=\u00bb15px\u00bb header_font=\u00bb||||||||\u00bb header_3_font=\u00bbArial|700|||||||\u00bb header_3_font_size=\u00bb24px\u00bb header_3_line_height=\u00bb1.4em\u00bb transform_translate=\u00bb-20px|0px\u00bb transform_translate_linked=\u00bboff\u00bb background_layout=\u00bbdark\u00bb header_3_font_size_tablet=\u00bb30px\u00bb header_3_font_size_phone=\u00bb22px\u00bb header_3_font_size_last_edited=\u00bbon|phone\u00bb locked=\u00bboff\u00bb global_colors_info=\u00bb{}\u00bb header_2_font_size__hover=\u00bb26px\u00bb header_2_font_size__hover_enabled=\u00bb26px\u00bb header_2_letter_spacing__hover=\u00bb0px\u00bb header_2_letter_spacing__hover_enabled=\u00bb0px\u00bb header_2_line_height__hover=\u00bb1em\u00bb header_2_line_height__hover_enabled=\u00bb1em\u00bb header_2_text_shadow_style__hover=\u00bbnone\u00bb header_2_text_shadow_style__hover_enabled=\u00bbnone\u00bb header_2_text_shadow_color__hover=\u00bbrgba(0,0,0,0.4)\u00bb header_2_text_shadow_color__hover_enabled=\u00bbrgba(0,0,0,0.4)\u00bb header_4_font_size__hover=\u00bb18px\u00bb header_4_font_size__hover_enabled=\u00bb18px\u00bb header_4_letter_spacing__hover=\u00bb0px\u00bb header_4_letter_spacing__hover_enabled=\u00bb0px\u00bb header_4_line_height__hover=\u00bb1em\u00bb header_4_line_height__hover_enabled=\u00bb1em\u00bb header_4_text_shadow_style__hover=\u00bbnone\u00bb header_4_text_shadow_style__hover_enabled=\u00bbnone\u00bb header_4_text_shadow_color__hover=\u00bbrgba(0,0,0,0.4)\u00bb header_4_text_shadow_color__hover_enabled=\u00bbrgba(0,0,0,0.4)\u00bb]<\/p>\n<h3>S\u00edguenos<\/h3>\n<p>S\u00edguenos en nuestras redes sociales y acomp\u00e1\u00f1anos a fortalecer esta comunidad. Tu participaci\u00f3n nos ayuda a crecer, conectar y seguir impulsando al gremio asegurador.<\/p>\n<p>[\/et_pb_text][et_pb_social_media_follow _builder_version=\u00bb4.27.4&#8243; transform_translate=\u00bb-35px|0px\u00bb transform_translate_linked=\u00bboff\u00bb border_radii=\u00bbon|0px|0px|0px|0px\u00bb locked=\u00bboff\u00bb global_colors_info=\u00bb{}\u00bb][et_pb_social_media_follow_network social_network=\u00bbfacebook\u00bb url=\u00bbhttps:\/\/www.facebook.com\/asocioacionaseprose\/\u00bb _builder_version=\u00bb4.27.4&#8243; background_color=\u00bb#1b1464&#8243; background_enable_color=\u00bbon\u00bb custom_margin=\u00bb|5px||\u00bb custom_padding=\u00bb5px|5px|5px|5px|true|true\u00bb global_colors_info=\u00bb{}\u00bb follow_button=\u00bboff\u00bb url_new_window=\u00bbon\u00bb]facebook[\/et_pb_social_media_follow_network][et_pb_social_media_follow_network social_network=\u00bbinstagram\u00bb url=\u00bbhttps:\/\/www.instagram.com\/asociacionaseprose\/\u00bb _builder_version=\u00bb4.27.4&#8243; background_color=\u00bb#1b1464&#8243; background_enable_color=\u00bbon\u00bb custom_margin=\u00bb|5px||\u00bb custom_padding=\u00bb5px|5px|5px|5px|true|true\u00bb global_colors_info=\u00bb{}\u00bb follow_button=\u00bboff\u00bb url_new_window=\u00bbon\u00bb]instagram[\/et_pb_social_media_follow_network][\/et_pb_social_media_follow][\/et_pb_column][\/et_pb_row][et_pb_row column_structure=\u00bb1_2,1_2&#8243; _builder_version=\u00bb4.27.4&#8243; background_color=\u00bb#e9e8f0&#8243; custom_padding=\u00bb40px|24px|40px|24px|false|true\u00bb animation_style=\u00bbslide\u00bb animation_direction=\u00bbleft\u00bb global_colors_info=\u00bb{}\u00bb parallax_1__hover=\u00bboff\u00bb parallax_1__hover_enabled=\u00bboff\u00bb parallax_2__hover=\u00bboff\u00bb parallax_2__hover_enabled=\u00bboff\u00bb parallax_3__hover=\u00bboff\u00bb parallax_3__hover_enabled=\u00bboff\u00bb parallax_4__hover=\u00bboff\u00bb parallax_4__hover_enabled=\u00bboff\u00bb parallax_method_1__hover=\u00bbon\u00bb parallax_method_1__hover_enabled=\u00bbon\u00bb parallax_method_2__hover=\u00bbon\u00bb parallax_method_2__hover_enabled=\u00bbon\u00bb parallax_method_3__hover=\u00bbon\u00bb parallax_method_3__hover_enabled=\u00bbon\u00bb parallax_method_4__hover=\u00bbon\u00bb parallax_method_4__hover_enabled=\u00bbon\u00bb use_background_color_gradient__hover=\u00bboff\u00bb use_background_color_gradient__hover_enabled=\u00bboff\u00bb background_color_gradient_start__hover=\u00bb#2b87da\u00bb background_color_gradient_start__hover_enabled=\u00bb#2b87da\u00bb background_color_gradient_end__hover=\u00bb#29c4a9&#8243; background_color_gradient_end__hover_enabled=\u00bb#29c4a9&#8243; background_color_gradient_type__hover=\u00bblinear\u00bb background_color_gradient_type__hover_enabled=\u00bblinear\u00bb background_color_gradient_direction__hover=\u00bb180deg\u00bb background_color_gradient_direction__hover_enabled=\u00bb180deg\u00bb background_color_gradient_direction_radial__hover=\u00bbcenter\u00bb background_color_gradient_direction_radial__hover_enabled=\u00bbcenter\u00bb background_color_gradient_start_position__hover=\u00bb0%\u00bb background_color_gradient_start_position__hover_enabled=\u00bb0%\u00bb background_color_gradient_end_position__hover=\u00bb100%\u00bb background_color_gradient_end_position__hover_enabled=\u00bb100%\u00bb background_color_gradient_overlays_image__hover=\u00bboff\u00bb background_color_gradient_overlays_image__hover_enabled=\u00bboff\u00bb parallax__hover=\u00bboff\u00bb parallax__hover_enabled=\u00bboff\u00bb parallax_method__hover=\u00bbon\u00bb parallax_method__hover_enabled=\u00bbon\u00bb background_size__hover=\u00bbcover\u00bb background_size__hover_enabled=\u00bbcover\u00bb background_position__hover=\u00bbcenter\u00bb background_position__hover_enabled=\u00bbcenter\u00bb background_repeat__hover=\u00bbno-repeat\u00bb background_repeat__hover_enabled=\u00bbno-repeat\u00bb background_blend__hover=\u00bbnormal\u00bb background_blend__hover_enabled=\u00bbnormal\u00bb allow_player_pause__hover=\u00bboff\u00bb allow_player_pause__hover_enabled=\u00bboff\u00bb background_video_pause_outside_viewport__hover=\u00bbon\u00bb background_video_pause_outside_viewport__hover_enabled=\u00bbon\u00bb background_color_gradient_stops__hover=\u00bb#2b87da 0%|#29c4a9 100%\u00bb][et_pb_column type=\u00bb1_2&#8243; _builder_version=\u00bb4.16&#8243; custom_padding=\u00bb|||\u00bb global_colors_info=\u00bb{}\u00bb custom_padding__hover=\u00bb|||\u00bb][et_pb_blurb title=\u00bbLL\u00c1MANOS\u00bb url=\u00bbtel:+593999811202&#8243; url_new_window=\u00bbon\u00bb use_icon=\u00bbon\u00bb font_icon=\u00bb&#xe00b;||divi||400&#8243; icon_color=\u00bb#1b1464&#8243; image_icon_width=\u00bb50px\u00bb _builder_version=\u00bb4.27.4&#8243; header_font=\u00bbArial|700||on|||||\u00bb header_text_align=\u00bbcenter\u00bb header_text_color=\u00bb#1b1464&#8243; header_font_size=\u00bb16px\u00bb header_letter_spacing=\u00bb2px\u00bb header_line_height=\u00bb1.6em\u00bb body_font=\u00bbArial||||||||\u00bb body_text_color=\u00bb#1b1464&#8243; body_font_size=\u00bb16px\u00bb body_line_height=\u00bb1.5em\u00bb background_layout=\u00bbdark\u00bb animation=\u00bboff\u00bb header_font_size_tablet=\u00bb\u00bb header_font_size_phone=\u00bb14px\u00bb header_font_size_last_edited=\u00bbon|phone\u00bb body_font_size_phone=\u00bb16px\u00bb body_font_size_last_edited=\u00bboff|desktop\u00bb global_colors_info=\u00bb{}\u00bb body_font_size__hover=\u00bb14px\u00bb body_font_size__hover_enabled=\u00bb14px\u00bb body_letter_spacing__hover=\u00bb0px\u00bb body_letter_spacing__hover_enabled=\u00bb0px\u00bb body_line_height__hover=\u00bb1.7em\u00bb body_line_height__hover_enabled=\u00bb1.7em\u00bb body_text_shadow_style__hover=\u00bbnone\u00bb body_text_shadow_style__hover_enabled=\u00bbnone\u00bb body_text_shadow_color__hover=\u00bbrgba(0,0,0,0.4)\u00bb body_text_shadow_color__hover_enabled=\u00bbrgba(0,0,0,0.4)\u00bb body_orientation__hover=\u00bbleft\u00bb body_orientation__hover_enabled=\u00bbleft\u00bb]<\/p>\n<p style=\"text-align: center;\"><a href=\"tel:+593999811202\" target=\"_blank\" rel=\"noopener\">+593 99 981 1202<\/a><\/p>\n<p>[\/et_pb_blurb][\/et_pb_column][et_pb_column type=\u00bb1_2&#8243; _builder_version=\u00bb4.16&#8243; custom_padding=\u00bb|||\u00bb global_colors_info=\u00bb{}\u00bb custom_padding__hover=\u00bb|||\u00bb][et_pb_blurb title=\u00bbEscr\u00edbenos\u00bb url=\u00bbmailto:info@asociacionaseprose.com\u00bb url_new_window=\u00bbon\u00bb use_icon=\u00bbon\u00bb font_icon=\u00bb&#xe076;||divi||400&#8243; icon_color=\u00bb#1b1464&#8243; image_icon_width=\u00bb50px\u00bb _builder_version=\u00bb4.27.4&#8243; header_font=\u00bbArial|700||on|||||\u00bb header_text_align=\u00bbcenter\u00bb header_text_color=\u00bb#1b1464&#8243; header_font_size=\u00bb16px\u00bb header_letter_spacing=\u00bb2px\u00bb header_line_height=\u00bb1.6em\u00bb body_font=\u00bbArial||||||||\u00bb body_text_align=\u00bbcenter\u00bb body_text_color=\u00bb#1b1464&#8243; body_font_size=\u00bb16px\u00bb body_line_height=\u00bb1.5em\u00bb background_layout=\u00bbdark\u00bb animation=\u00bboff\u00bb hover_enabled=\u00bb0&#8243; header_font_size_tablet=\u00bb\u00bb header_font_size_phone=\u00bb14px\u00bb header_font_size_last_edited=\u00bbon|phone\u00bb body_font_size_phone=\u00bb16px\u00bb body_font_size_last_edited=\u00bboff|desktop\u00bb locked=\u00bboff\u00bb global_colors_info=\u00bb{}\u00bb body_font_size__hover=\u00bb14px\u00bb body_font_size__hover_enabled=\u00bb14px\u00bb body_letter_spacing__hover=\u00bb0px\u00bb body_letter_spacing__hover_enabled=\u00bb0px\u00bb body_line_height__hover=\u00bb1.7em\u00bb body_line_height__hover_enabled=\u00bb1.7em\u00bb body_text_shadow_style__hover=\u00bbnone\u00bb body_text_shadow_style__hover_enabled=\u00bbnone\u00bb body_text_shadow_color__hover=\u00bbrgba(0,0,0,0.4)\u00bb body_text_shadow_color__hover_enabled=\u00bbrgba(0,0,0,0.4)\u00bb body_orientation__hover=\u00bbleft\u00bb body_orientation__hover_enabled=\u00bbleft\u00bb sticky_enabled=\u00bb0&#8243;]<\/p>\n<p><a href=\"mailto:info@asociacionaseprose.com\" target=\"_blank\" rel=\"noopener\">info@asociacionaseprose.com<\/a><\/p>\n<p>[\/et_pb_blurb][\/et_pb_column][\/et_pb_row][\/et_pb_section][et_pb_section fb_built=\u00bb1&#8243; _builder_version=\u00bb4.27.4&#8243; _module_preset=\u00bbdefault\u00bb custom_padding=\u00bb7px||4px|||\u00bb global_colors_info=\u00bb{}\u00bb][et_pb_row _builder_version=\u00bb4.27.4&#8243; _module_preset=\u00bbdefault\u00bb min_height=\u00bb113.9px\u00bb custom_padding=\u00bb||0px|||\u00bb global_colors_info=\u00bb{}\u00bb][et_pb_column type=\u00bb4_4&#8243; _builder_version=\u00bb4.27.4&#8243; _module_preset=\u00bbdefault\u00bb global_colors_info=\u00bb{}\u00bb][\/et_pb_column][\/et_pb_row][\/et_pb_section]<\/p>\n","protected":false},"excerpt":{"rendered":"<p>Nuestras ActividadesExplora una selecci\u00f3n de momentos que reflejan el trabajo, la formaci\u00f3n y la uni\u00f3n del gremio asegurador. Capacitaciones, reuniones, talleres y encuentros institucionales que fortalecen nuestra comunidad profesional.Agasajo Navide\u00f1o ASEPROSE 2025 Un encuentro especial para celebrar en uni\u00f3n, agradecer el trabajo realizado y compartir un momento de camarader\u00eda entre los socios de ASEPROSE.Agasajo Navide\u00f1o [&hellip;]<\/p>\n","protected":false},"author":1,"featured_media":0,"parent":0,"menu_order":0,"comment_status":"closed","ping_status":"closed","template":"","meta":{"_et_pb_use_builder":"on","_et_pb_old_content":"","_et_gb_content_width":"","footnotes":""},"class_list":["post-157","page","type-page","status-publish","hentry"],"_links":{"self":[{"href":"https:\/\/asociacionaseprose.com\/index.php\/wp-json\/wp\/v2\/pages\/157","targetHints":{"allow":["GET"]}}],"collection":[{"href":"https:\/\/asociacionaseprose.com\/index.php\/wp-json\/wp\/v2\/pages"}],"about":[{"href":"https:\/\/asociacionaseprose.com\/index.php\/wp-json\/wp\/v2\/types\/page"}],"author":[{"embeddable":true,"href":"https:\/\/asociacionaseprose.com\/index.php\/wp-json\/wp\/v2\/users\/1"}],"replies":[{"embeddable":true,"href":"https:\/\/asociacionaseprose.com\/index.php\/wp-json\/wp\/v2\/comments?post=157"}],"version-history":[{"count":28,"href":"https:\/\/asociacionaseprose.com\/index.php\/wp-json\/wp\/v2\/pages\/157\/revisions"}],"predecessor-version":[{"id":297,"href":"https:\/\/asociacionaseprose.com\/index.php\/wp-json\/wp\/v2\/pages\/157\/revisions\/297"}],"wp:attachment":[{"href":"https:\/\/asociacionaseprose.com\/index.php\/wp-json\/wp\/v2\/media?parent=157"}],"curies":[{"name":"wp","href":"https:\/\/api.w.org\/{rel}","templated":true}]}}